{"id":660,"date":"2025-11-19T15:45:54","date_gmt":"2025-11-19T15:45:54","guid":{"rendered":"https:\/\/eftrucks.es\/?page_id=660"},"modified":"2025-11-20T12:42:05","modified_gmt":"2025-11-20T12:42:05","slug":"quienes-somos-2","status":"publish","type":"page","link":"https:\/\/eftrucks.es\/?page_id=660","title":{"rendered":"Compra\/Venta"},"content":{"rendered":"\t\t<div data-elementor-type=\"wp-page\" data-elementor-id=\"660\" class=\"elementor elementor-660\" data-elementor-post-type=\"page\">\n\t\t\t\t<div class=\"elementor-element elementor-element-92fa827 e-flex e-con-boxed e-con e-parent\" data-id=\"92fa827\" data-element_type=\"container\">\n\t\t\t\t\t<div class=\"e-con-inner\">\n\t\t<div class=\"elementor-element elementor-element-fbce082 e-con-full e-flex e-con e-child\" data-id=\"fbce082\" data-element_type=\"container\">\n\t\t\t\t<div class=\"elementor-element elementor-element-7a92de1 elementor-cta--skin-cover elementor-widget elementor-widget-call-to-action\" data-id=\"7a92de1\" data-element_type=\"widget\" data-widget_type=\"call-to-action.default\">\n\t\t\t\t\t\t\t<div class=\"elementor-cta\">\n\t\t\t\t\t<div class=\"elementor-cta__bg-wrapper\">\n\t\t\t\t<div class=\"elementor-cta__bg elementor-bg\" style=\"background-image: url(https:\/\/eftrucks.es\/wp-content\/uploads\/2025\/11\/BANNER-COMPRAVENTA-EFTRUCKS.jpg);\" role=\"img\" aria-label=\"BANNER COMPRAVENTA EFTRUCKS\"><\/div>\n\t\t\t\t<div class=\"elementor-cta__bg-overlay\"><\/div>\n\t\t\t<\/div>\n\t\t\t\t\t\t\t<div class=\"elementor-cta__content\">\n\t\t\t\t\n\t\t\t\t\t\t\t\t\t<h2 class=\"elementor-cta__title elementor-cta__content-item elementor-content-item\">\n\t\t\t\t\t\tCompra\/Venta\t\t\t\t\t<\/h2>\n\t\t\t\t\n\t\t\t\t\n\t\t\t\t\t\t\t<\/div>\n\t\t\t\t\t\t<\/div>\n\t\t\t\t\t\t<\/div>\n\t\t\t\t<\/div>\n\t\t\t\t\t<\/div>\n\t\t\t\t<\/div>\n\t\t<div class=\"elementor-element elementor-element-8628763 e-flex e-con-boxed e-con e-parent\" data-id=\"8628763\" data-element_type=\"container\">\n\t\t\t\t\t<div class=\"e-con-inner\">\n\t\t\t\t\t<\/div>\n\t\t\t\t<\/div>\n\t\t<div class=\"elementor-element elementor-element-660ff0e8 e-con-full e-flex e-con e-parent\" data-id=\"660ff0e8\" data-element_type=\"container\" data-settings=\"{&quot;background_background&quot;:&quot;classic&quot;}\">\n\t\t<div class=\"elementor-element elementor-element-f012cc8 e-con-full e-flex elementor-invisible e-con e-child\" data-id=\"f012cc8\" data-element_type=\"container\" data-settings=\"{&quot;background_background&quot;:&quot;classic&quot;,&quot;animation&quot;:&quot;fadeInUp&quot;}\">\n\t\t\t\t<div class=\"elementor-element elementor-element-4466211 elementor-widget elementor-widget-heading\" data-id=\"4466211\" data-element_type=\"widget\" data-widget_type=\"heading.default\">\n\t\t\t\t\t<h1 class=\"elementor-heading-title elementor-size-default\">Compra y venta de veh\u00edculos con total confianza<\/h1>\t\t\t\t<\/div>\n\t\t\t\t<div class=\"elementor-element elementor-element-750e7696 elementor-widget elementor-widget-text-editor\" data-id=\"750e7696\" data-element_type=\"widget\" data-widget_type=\"text-editor.default\">\n\t\t\t\t\t\t\t\t\t<p>\u00a0<\/p><p>En <strong>EFTRUKS<\/strong> te ofrecemos un servicio integral para la compra y venta de veh\u00edculos industriales, furgonetas y coches.<\/p><p>Garantizamos transparencia, precios competitivos y una gesti\u00f3n r\u00e1pida y segura. Ya sea que quieras renovar tu flota o vender tu veh\u00edculo, nuestro equipo te acompa\u00f1a en todo el proceso para que sea sencillo y sin complicaciones.<\/p><p>Conf\u00eda en nosotros para encontrar la mejor opci\u00f3n adaptada a tus necesidades.<\/p><p><em><strong>\u00a1Tu pr\u00f3ximo veh\u00edculo est\u00e1 aqu\u00ed!<\/strong><\/em><\/p>\t\t\t\t\t\t\t\t<\/div>\n\t\t\t\t<\/div>\n\t\t<div class=\"elementor-element elementor-element-7b9d03ad e-con-full e-flex e-con e-child\" data-id=\"7b9d03ad\" data-element_type=\"container\">\n\t\t\t\t<div class=\"elementor-element elementor-element-dbb98ee elementor-widget elementor-widget-spacer\" data-id=\"dbb98ee\" data-element_type=\"widget\" data-widget_type=\"spacer.default\">\n\t\t\t\t\t\t\t<div class=\"elementor-spacer\">\n\t\t\t<div class=\"elementor-spacer-inner\"><\/div>\n\t\t<\/div>\n\t\t\t\t\t\t<\/div>\n\t\t\t\t<div class=\"elementor-element elementor-element-f02de83 elementor-widget elementor-widget-heading\" data-id=\"f02de83\" data-element_type=\"widget\" data-widget_type=\"heading.default\">\n\t\t\t\t\t<h2 class=\"elementor-heading-title elementor-size-default\">Galer\u00eda de veh\u00edculos disponibles:<\/h2>\t\t\t\t<\/div>\n\t\t\t\t<div class=\"elementor-element elementor-element-73e2131 elementor-widget elementor-widget-shortcode\" data-id=\"73e2131\" data-element_type=\"widget\" data-widget_type=\"shortcode.default\">\n\t\t\t\t\t\t\t<div class=\"elementor-shortcode\"><div id=\"trustindex-feed-container-instagram-8369e393dc08890\"><\/div><\/div>\n\t\t\t\t\t\t<\/div>\n\t\t\t\t<\/div>\n\t\t\t\t<\/div>\n\t\t<div class=\"elementor-element elementor-element-1a4f85f e-flex e-con-boxed e-con e-parent\" data-id=\"1a4f85f\" data-element_type=\"container\">\n\t\t\t\t\t<div class=\"e-con-inner\">\n\t\t\t\t<div class=\"elementor-element elementor-element-91d6ca4 elementor-widget__width-inherit elementor-absolute elementor-widget-divider--view-line elementor-widget elementor-widget-divider\" data-id=\"91d6ca4\" data-element_type=\"widget\" data-settings=\"{&quot;_position&quot;:&quot;absolute&quot;}\" data-widget_type=\"divider.default\">\n\t\t\t\t\t\t\t<div class=\"elementor-divider\">\n\t\t\t<span class=\"elementor-divider-separator\">\n\t\t\t\t\t\t<\/span>\n\t\t<\/div>\n\t\t\t\t\t\t<\/div>\n\t\t\t\t\t<\/div>\n\t\t\t\t<\/div>\n\t\t\t\t<\/div>\n\t\t","protected":false},"excerpt":{"rendered":"<p>Compra\/Venta Compra y venta de veh\u00edculos con total confianza \u00a0 En EFTRUKS te ofrecemos un servicio integral para la compra y venta de veh\u00edculos industriales, furgonetas y coches. Garantizamos transparencia, precios competitivos y una gesti\u00f3n r\u00e1pida y segura. Ya sea que quieras renovar tu flota o vender tu veh\u00edculo, nuestro equipo te acompa\u00f1a en todo [&hellip;]<\/p>\n","protected":false},"author":2,"featured_media":0,"parent":0,"menu_order":0,"comment_status":"closed","ping_status":"closed","template":"","meta":{"_monsterinsights_skip_tracking":false,"_monsterinsights_sitenote_active":false,"_monsterinsights_sitenote_note":"","_monsterinsights_sitenote_category":0,"footnotes":""},"class_list":["post-660","page","type-page","status-publish","hentry"],"aioseo_notices":[],"yoast_head":"<!-- This site is optimized with the Yoast SEO plugin v26.4 - https:\/\/yoast.com\/wordpress\/plugins\/seo\/ -->\n<title>Compra\/Venta - EFTRUCKS<\/title>\n<meta name=\"robots\" content=\"index, follow, max-snippet:-1, max-image-preview:large, max-video-preview:-1\" \/>\n<link rel=\"canonical\" href=\"https:\/\/eftrucks.es\/?page_id=660\" \/>\n<meta property=\"og:locale\" content=\"es_ES\" \/>\n<meta property=\"og:type\" content=\"article\" \/>\n<meta property=\"og:title\" content=\"Compra\/Venta - EFTRUCKS\" \/>\n<meta property=\"og:description\" content=\"Compra\/Venta Compra y venta de veh\u00edculos con total confianza \u00a0 En EFTRUKS te ofrecemos un servicio integral para la compra y venta de veh\u00edculos industriales, furgonetas y coches. Garantizamos transparencia, precios competitivos y una gesti\u00f3n r\u00e1pida y segura. Ya sea que quieras renovar tu flota o vender tu veh\u00edculo, nuestro equipo te acompa\u00f1a en todo [&hellip;]\" \/>\n<meta property=\"og:url\" content=\"https:\/\/eftrucks.es\/?page_id=660\" \/>\n<meta property=\"og:site_name\" content=\"EFTRUCKS\" \/>\n<meta property=\"article:modified_time\" content=\"2025-11-20T12:42:05+00:00\" \/>\n<meta name=\"twitter:card\" content=\"summary_large_image\" \/>\n<meta name=\"twitter:label1\" content=\"Tiempo de lectura\" \/>\n\t<meta name=\"twitter:data1\" content=\"1 minuto\" \/>\n<script type=\"application\/ld+json\" class=\"yoast-schema-graph\">{\"@context\":\"https:\/\/schema.org\",\"@graph\":[{\"@type\":\"WebPage\",\"@id\":\"https:\/\/eftrucks.es\/?page_id=660\",\"url\":\"https:\/\/eftrucks.es\/?page_id=660\",\"name\":\"Compra\/Venta - EFTRUCKS\",\"isPartOf\":{\"@id\":\"https:\/\/eftrucks.es\/#website\"},\"datePublished\":\"2025-11-19T15:45:54+00:00\",\"dateModified\":\"2025-11-20T12:42:05+00:00\",\"breadcrumb\":{\"@id\":\"https:\/\/eftrucks.es\/?page_id=660#breadcrumb\"},\"inLanguage\":\"es\",\"potentialAction\":[{\"@type\":\"ReadAction\",\"target\":[\"https:\/\/eftrucks.es\/?page_id=660\"]}]},{\"@type\":\"BreadcrumbList\",\"@id\":\"https:\/\/eftrucks.es\/?page_id=660#breadcrumb\",\"itemListElement\":[{\"@type\":\"ListItem\",\"position\":1,\"name\":\"Portada\",\"item\":\"https:\/\/eftrucks.es\/\"},{\"@type\":\"ListItem\",\"position\":2,\"name\":\"Compra\/Venta\"}]},{\"@type\":\"WebSite\",\"@id\":\"https:\/\/eftrucks.es\/#website\",\"url\":\"https:\/\/eftrucks.es\/\",\"name\":\"EFTRUCKS\",\"description\":\"Compra - Venta de camiones y coches\",\"publisher\":{\"@id\":\"https:\/\/eftrucks.es\/#organization\"},\"potentialAction\":[{\"@type\":\"SearchAction\",\"target\":{\"@type\":\"EntryPoint\",\"urlTemplate\":\"https:\/\/eftrucks.es\/?s={search_term_string}\"},\"query-input\":{\"@type\":\"PropertyValueSpecification\",\"valueRequired\":true,\"valueName\":\"search_term_string\"}}],\"inLanguage\":\"es\"},{\"@type\":\"Organization\",\"@id\":\"https:\/\/eftrucks.es\/#organization\",\"name\":\"EFTRUCKS\",\"url\":\"https:\/\/eftrucks.es\/\",\"logo\":{\"@type\":\"ImageObject\",\"inLanguage\":\"es\",\"@id\":\"https:\/\/eftrucks.es\/#\/schema\/logo\/image\/\",\"url\":\"https:\/\/eftrucks.es\/wp-content\/uploads\/2025\/11\/cropped-logo-nuevo-EFTRUCKS-scaled-1.png\",\"contentUrl\":\"https:\/\/eftrucks.es\/wp-content\/uploads\/2025\/11\/cropped-logo-nuevo-EFTRUCKS-scaled-1.png\",\"width\":2560,\"height\":2560,\"caption\":\"EFTRUCKS\"},\"image\":{\"@id\":\"https:\/\/eftrucks.es\/#\/schema\/logo\/image\/\"}}]}<\/script>\n<!-- \/ Yoast SEO plugin. -->","yoast_head_json":{"title":"Compra\/Venta - EFTRUCKS","robots":{"index":"index","follow":"follow","max-snippet":"max-snippet:-1","max-image-preview":"max-image-preview:large","max-video-preview":"max-video-preview:-1"},"canonical":"https:\/\/eftrucks.es\/?page_id=660","og_locale":"es_ES","og_type":"article","og_title":"Compra\/Venta - EFTRUCKS","og_description":"Compra\/Venta Compra y venta de veh\u00edculos con total confianza \u00a0 En EFTRUKS te ofrecemos un servicio integral para la compra y venta de veh\u00edculos industriales, furgonetas y coches. Garantizamos transparencia, precios competitivos y una gesti\u00f3n r\u00e1pida y segura. Ya sea que quieras renovar tu flota o vender tu veh\u00edculo, nuestro equipo te acompa\u00f1a en todo [&hellip;]","og_url":"https:\/\/eftrucks.es\/?page_id=660","og_site_name":"EFTRUCKS","article_modified_time":"2025-11-20T12:42:05+00:00","twitter_card":"summary_large_image","twitter_misc":{"Tiempo de lectura":"1 minuto"},"schema":{"@context":"https:\/\/schema.org","@graph":[{"@type":"WebPage","@id":"https:\/\/eftrucks.es\/?page_id=660","url":"https:\/\/eftrucks.es\/?page_id=660","name":"Compra\/Venta - EFTRUCKS","isPartOf":{"@id":"https:\/\/eftrucks.es\/#website"},"datePublished":"2025-11-19T15:45:54+00:00","dateModified":"2025-11-20T12:42:05+00:00","breadcrumb":{"@id":"https:\/\/eftrucks.es\/?page_id=660#breadcrumb"},"inLanguage":"es","potentialAction":[{"@type":"ReadAction","target":["https:\/\/eftrucks.es\/?page_id=660"]}]},{"@type":"BreadcrumbList","@id":"https:\/\/eftrucks.es\/?page_id=660#breadcrumb","itemListElement":[{"@type":"ListItem","position":1,"name":"Portada","item":"https:\/\/eftrucks.es\/"},{"@type":"ListItem","position":2,"name":"Compra\/Venta"}]},{"@type":"WebSite","@id":"https:\/\/eftrucks.es\/#website","url":"https:\/\/eftrucks.es\/","name":"EFTRUCKS","description":"Compra - Venta de camiones y coches","publisher":{"@id":"https:\/\/eftrucks.es\/#organization"},"potentialAction":[{"@type":"SearchAction","target":{"@type":"EntryPoint","urlTemplate":"https:\/\/eftrucks.es\/?s={search_term_string}"},"query-input":{"@type":"PropertyValueSpecification","valueRequired":true,"valueName":"search_term_string"}}],"inLanguage":"es"},{"@type":"Organization","@id":"https:\/\/eftrucks.es\/#organization","name":"EFTRUCKS","url":"https:\/\/eftrucks.es\/","logo":{"@type":"ImageObject","inLanguage":"es","@id":"https:\/\/eftrucks.es\/#\/schema\/logo\/image\/","url":"https:\/\/eftrucks.es\/wp-content\/uploads\/2025\/11\/cropped-logo-nuevo-EFTRUCKS-scaled-1.png","contentUrl":"https:\/\/eftrucks.es\/wp-content\/uploads\/2025\/11\/cropped-logo-nuevo-EFTRUCKS-scaled-1.png","width":2560,"height":2560,"caption":"EFTRUCKS"},"image":{"@id":"https:\/\/eftrucks.es\/#\/schema\/logo\/image\/"}}]}},"_links":{"self":[{"href":"https:\/\/eftrucks.es\/index.php?rest_route=\/wp\/v2\/pages\/660","targetHints":{"allow":["GET"]}}],"collection":[{"href":"https:\/\/eftrucks.es\/index.php?rest_route=\/wp\/v2\/pages"}],"about":[{"href":"https:\/\/eftrucks.es\/index.php?rest_route=\/wp\/v2\/types\/page"}],"author":[{"embeddable":true,"href":"https:\/\/eftrucks.es\/index.php?rest_route=\/wp\/v2\/users\/2"}],"replies":[{"embeddable":true,"href":"https:\/\/eftrucks.es\/index.php?rest_route=%2Fwp%2Fv2%2Fcomments&post=660"}],"version-history":[{"count":137,"href":"https:\/\/eftrucks.es\/index.php?rest_route=\/wp\/v2\/pages\/660\/revisions"}],"predecessor-version":[{"id":1010,"href":"https:\/\/eftrucks.es\/index.php?rest_route=\/wp\/v2\/pages\/660\/revisions\/1010"}],"wp:attachment":[{"href":"https:\/\/eftrucks.es\/index.php?rest_route=%2Fwp%2Fv2%2Fmedia&parent=660"}],"curies":[{"name":"wp","href":"https:\/\/api.w.org\/{rel}","templated":true}]}}