{"id":868,"date":"2025-11-20T10:07:54","date_gmt":"2025-11-20T10:07:54","guid":{"rendered":"https:\/\/eftrucks.es\/?page_id=868"},"modified":"2025-11-20T10:12:00","modified_gmt":"2025-11-20T10:12:00","slug":"politica-de-cookies-2","status":"publish","type":"page","link":"https:\/\/eftrucks.es\/?page_id=868","title":{"rendered":"Pol\u00edtica de cookies"},"content":{"rendered":"\t\t<div data-elementor-type=\"wp-page\" data-elementor-id=\"868\" class=\"elementor elementor-868\" data-elementor-post-type=\"page\">\n\t\t\t\t<div class=\"elementor-element elementor-element-92fa827 e-flex e-con-boxed e-con e-parent\" data-id=\"92fa827\" data-element_type=\"container\">\n\t\t\t\t\t<div class=\"e-con-inner\">\n\t\t<div class=\"elementor-element elementor-element-fbce082 e-con-full e-flex e-con e-child\" data-id=\"fbce082\" data-element_type=\"container\">\n\t\t\t\t<div class=\"elementor-element elementor-element-7a92de1 elementor-cta--skin-cover elementor-widget elementor-widget-call-to-action\" data-id=\"7a92de1\" data-element_type=\"widget\" data-widget_type=\"call-to-action.default\">\n\t\t\t\t\t\t\t<div class=\"elementor-cta\">\n\t\t\t\t\t<div class=\"elementor-cta__bg-wrapper\">\n\t\t\t\t<div class=\"elementor-cta__bg elementor-bg\" style=\"background-image: url(https:\/\/eftrucks.es\/wp-content\/uploads\/2025\/11\/BANNER-POLITICA-DE-COOKIES-EFTRUCKS-ok-scaled.jpg);\" role=\"img\" aria-label=\"POLITICAS + AVISO LEGAL + ACCESIBILIDADEFTRUCKS - 2\"><\/div>\n\t\t\t\t<div class=\"elementor-cta__bg-overlay\"><\/div>\n\t\t\t<\/div>\n\t\t\t\t\t\t\t<div class=\"elementor-cta__content\">\n\t\t\t\t\n\t\t\t\t\t\t\t\t\t<h2 class=\"elementor-cta__title elementor-cta__content-item elementor-content-item\">\n\t\t\t\t\t\tPol\u00edtica de cookies\t\t\t\t\t<\/h2>\n\t\t\t\t\n\t\t\t\t\n\t\t\t\t\t\t\t<\/div>\n\t\t\t\t\t\t<\/div>\n\t\t\t\t\t\t<\/div>\n\t\t\t\t<\/div>\n\t\t\t\t\t<\/div>\n\t\t\t\t<\/div>\n\t\t<div class=\"elementor-element elementor-element-660ff0e8 e-con-full e-flex e-con e-parent\" data-id=\"660ff0e8\" data-element_type=\"container\" data-settings=\"{&quot;background_background&quot;:&quot;classic&quot;}\">\n\t\t<div class=\"elementor-element elementor-element-f012cc8 e-con-full e-flex elementor-invisible e-con e-child\" data-id=\"f012cc8\" data-element_type=\"container\" data-settings=\"{&quot;background_background&quot;:&quot;classic&quot;,&quot;animation&quot;:&quot;fadeInUp&quot;}\">\n\t\t\t\t<div class=\"elementor-element elementor-element-4466211 elementor-widget elementor-widget-heading\" data-id=\"4466211\" data-element_type=\"widget\" data-widget_type=\"heading.default\">\n\t\t\t\t\t<h1 class=\"elementor-heading-title elementor-size-default\">Pol\u00edtica de cookies<\/h1>\t\t\t\t<\/div>\n\t\t<div class=\"elementor-element elementor-element-52fb68b e-con-full e-flex e-con e-child\" data-id=\"52fb68b\" data-element_type=\"container\">\n\t\t\t\t<div class=\"elementor-element elementor-element-8e154a8 elementor-widget elementor-widget-text-editor\" data-id=\"8e154a8\" data-element_type=\"widget\" data-widget_type=\"text-editor.default\">\n\t\t\t\t\t\t\t\t\t<div class=\"page-content\"><div class=\"elementor elementor-684\" data-elementor-type=\"wp-page\" data-elementor-id=\"684\" data-elementor-post-type=\"page\"><section class=\"elementor-section elementor-top-section elementor-element elementor-element-36a5b97 elementor-section-boxed elementor-section-height-default elementor-section-height-default\" data-id=\"36a5b97\" data-element_type=\"section\"><div class=\"elementor-container elementor-column-gap-default\"><div class=\"elementor-column elementor-col-100 elementor-top-column elementor-element elementor-element-21c188e\" data-id=\"21c188e\" data-element_type=\"column\"><div class=\"elementor-widget-wrap elementor-element-populated\"><div class=\"elementor-element elementor-element-35c6abe elementor-widget elementor-widget-text-editor\" data-id=\"35c6abe\" data-element_type=\"widget\" data-widget_type=\"text-editor.default\"><div class=\"elementor-widget-container\"><div class=\"elementor-element elementor-element-743940e7 elementor-widget elementor-widget-text-editor\" data-id=\"743940e7\" data-element_type=\"widget\" data-widget_type=\"text-editor.default\"><div class=\"elementor-widget-container\"><p><strong>Las cookies<\/strong>\u00a0son archivos que se pueden descargar en su equipo a trav\u00e9s de las p\u00e1ginas web. Son herramientas que tienen un papel esencial para la prestaci\u00f3n de numerosos servicios de la sociedad de la informaci\u00f3n. Entre otros, permiten a una p\u00e1gina web almacenar y recuperar datos, que van de unos pocos Kilobytes a varios Megabytes, sobre los h\u00e1bitos de navegaci\u00f3n de un usuario o de su equipo y, dependiendo de la informaci\u00f3n obtenida, se pueden utilizar para reconocer al usuario y mejorar el servicio ofrecido.<\/p><p><strong>TIPOS DE COOKIES<\/strong><\/p><p>Seg\u00fan quien sea la entidad que gestione el equipo o dominio desde donde se env\u00edan las cookies y trate los datos que se obtengan se pueden distinguir dos tipos: cookies propias y cookies de terceros.<\/p><p>Seg\u00fan el plazo de tiempo que permanecen activadas en el equipo terminal, pueden ser cookies de sesi\u00f3n o cookies persistentes.<\/p><p>Por \u00faltimo, seg\u00fan la finalidad para la que se traten los datos obtenidos a trav\u00e9s de las cookies, podemos distinguir entre cookies t\u00e9cnicas, cookies de personalizaci\u00f3n, cookies de an\u00e1lisis, cookies publicitarias y cookies de publicidad comportamental.<\/p><p><strong>COOKIES UTILIZADAS EN LA WEB<\/strong><\/p><p><a href=\"mailto:info@eftrucks.es\"><b>info@eftrucks.es <\/b><\/a>utiliza Google Analytics, un servicio de anal\u00edtica web desarrollada por Google, que permite la medici\u00f3n y an\u00e1lisis de la navegaci\u00f3n en las p\u00e1ginas web. En su navegador podr\u00e1 observar 5 cookies de este servicio.<\/p><p>Se trata de cookies propias, de sesi\u00f3n y de an\u00e1lisis. Puede encontrar m\u00e1s informaci\u00f3n al respecto e inhabilitar el uso de estas cookies\u00a0<strong><a href=\"https:\/\/www.google.es\/intl\/es\/analytics\/privacyoverview.html\" target=\"_blank\" rel=\"noopener\">www.google.es\/intl\/es\/analytics\/privacyoverview.html<\/a><\/strong><\/p><p>Mediante la anal\u00edtica web se obtiene informaci\u00f3n relativa al tr\u00e1fico de la web. Informaci\u00f3n que posibilita un mejor y m\u00e1s apropiado servicio por parte de este portal.<\/p><p>Adem\u00e1s, WordPress usa 6 cookies propias de tipo sesi\u00f3n que permiten, mediante una gesti\u00f3n interna, el correcto funcionamiento de la web.<\/p><p><strong>ACEPTACI\u00d3N DE LA POL\u00cdTICA DE COOKIES<\/strong><\/p><p><a href=\"mailto:info@eftrucks.es\"><strong><b>info@eftrucks.es<\/b><\/strong><\/a>\u00a0asume que usted acepta el uso de cookies. No obstante, muestra informaci\u00f3n sobre su Pol\u00edtica de cookies en la parte inferior de cualquier p\u00e1gina del portal con cada inicio de sesi\u00f3n con el objeto de que usted sea consciente.<\/p><p>Ante esta informaci\u00f3n es posible llevar a cabo las siguientes acciones:<\/p><p>Aceptar cookies. No se volver\u00e1 a visualizar este aviso al acceder a cualquier p\u00e1gina del portal durante la presente sesi\u00f3n.<\/p><p>Se oculta el aviso en la presente p\u00e1gina.<\/p><p><strong>C\u00d3MO MODIFICAR LA CONFIGURACI\u00d3N DE LAS COOKIES<\/strong><\/p><p>Podemos restringir, bloquear o borrar las cookies de\u00a0<strong><a href=\"mailto:info@eftrucks.es\"><b>info@eftrucks.es<\/b><\/a><\/strong>\u00a0o cualquier otra p\u00e1gina web, utilizando su navegador. En cada navegador la operativa es diferente, la funci\u00f3n de \u201cAyuda\u201d le mostrar\u00e1 c\u00f3mo hacerlo:<\/p><p><strong>Internet Explorer:<\/strong>\u00a0windows.microsoft.com\/es-xl\/internet-explorer\/delete-manage-cookies#ie=\u201die-10\u2033<\/p><p><strong>FireFox:<\/strong>\u00a0support.mozilla.org\/es\/kb\/Borrar%20cookies<\/p><p><strong>Chrome:<\/strong>\u00a0support.google.com\/chrome\/answer\/95647?hl=\u201des\u201d<\/p><p><strong>Safari:<\/strong>\u00a0<strong><a href=\"https:\/\/www.apple.com\/es\/privacy\/use-of-cookies\/\" target=\"_blank\" rel=\"noopener\">www.apple.com\/es\/privacy\/use-of-cookies\/<\/a><\/strong><\/p><p>Adem\u00e1s, tambi\u00e9n puede gestionar el almac\u00e9n de cookies en su navegador a trav\u00e9s de herramientas como las siguientes:<\/p><p><strong>Ghostery:<\/strong>\u00a0ghostery.com\/<\/p><p><strong>Your online choices:<\/strong>\u00a0<strong><a href=\"https:\/\/www.youronlinechoices.com\/es\/\" target=\"_blank\" rel=\"noopener\">www.youronlinechoices.com\/es\/<\/a><\/strong><\/p><\/div><\/div><div class=\"elementor-element elementor-element-6bba31cb elementor-widget__width-auto e-transform elementor-widget-divider--view-line elementor-widget elementor-widget-divider animated fadeInUp\" data-id=\"6bba31cb\" data-element_type=\"widget\" data-settings=\"{&quot;_transform_rotateZ_effect&quot;:{&quot;unit&quot;:&quot;px&quot;,&quot;size&quot;:90,&quot;sizes&quot;:[]},&quot;_animation&quot;:&quot;fadeInUp&quot;,&quot;_transform_rotateZ_effect_tablet&quot;:{&quot;unit&quot;:&quot;deg&quot;,&quot;size&quot;:&quot;&quot;,&quot;sizes&quot;:[]},&quot;_transform_rotateZ_effect_mobile&quot;:{&quot;unit&quot;:&quot;deg&quot;,&quot;size&quot;:&quot;&quot;,&quot;sizes&quot;:[]}}\" data-widget_type=\"divider.default\"><div class=\"elementor-widget-container\"><div class=\"elementor-divider\">\u00a0<\/div><\/div><\/div><\/div><\/div><\/div><\/div><\/div><\/section><\/div><\/div>\t\t\t\t\t\t\t\t<\/div>\n\t\t\t\t<\/div>\n\t\t\t\t<\/div>\n\t\t\t\t<\/div>\n\t\t<div class=\"elementor-element elementor-element-8cc7025 e-flex e-con-boxed e-con e-parent\" data-id=\"8cc7025\" data-element_type=\"container\">\n\t\t\t\t\t<div class=\"e-con-inner\">\n\t\t\t\t<div class=\"elementor-element elementor-element-c9178aa elementor-widget__width-inherit elementor-absolute elementor-widget-divider--view-line elementor-widget elementor-widget-divider\" data-id=\"c9178aa\" data-element_type=\"widget\" data-settings=\"{&quot;_position&quot;:&quot;absolute&quot;}\" data-widget_type=\"divider.default\">\n\t\t\t\t\t\t\t<div class=\"elementor-divider\">\n\t\t\t<span class=\"elementor-divider-separator\">\n\t\t\t\t\t\t<\/span>\n\t\t<\/div>\n\t\t\t\t\t\t<\/div>\n\t\t\t\t\t<\/div>\n\t\t\t\t<\/div>\n\t\t\t\t<\/div>\n\t\t","protected":false},"excerpt":{"rendered":"<p>Pol\u00edtica de cookies Pol\u00edtica de cookies Las cookies\u00a0son archivos que se pueden descargar en su equipo a trav\u00e9s de las p\u00e1ginas web. Son herramientas que tienen un papel esencial para la prestaci\u00f3n de numerosos servicios de la sociedad de la informaci\u00f3n. Entre otros, permiten a una p\u00e1gina web almacenar y recuperar datos, que van de [&hellip;]<\/p>\n","protected":false},"author":2,"featured_media":0,"parent":0,"menu_order":0,"comment_status":"closed","ping_status":"closed","template":"","meta":{"_monsterinsights_skip_tracking":false,"_monsterinsights_sitenote_active":false,"_monsterinsights_sitenote_note":"","_monsterinsights_sitenote_category":0,"footnotes":""},"class_list":["post-868","page","type-page","status-publish","hentry"],"aioseo_notices":[],"yoast_head":"<!-- This site is optimized with the Yoast SEO plugin v26.4 - https:\/\/yoast.com\/wordpress\/plugins\/seo\/ -->\n<title>Pol\u00edtica de cookies - EFTRUCKS<\/title>\n<meta name=\"robots\" content=\"index, follow, max-snippet:-1, max-image-preview:large, max-video-preview:-1\" \/>\n<link rel=\"canonical\" href=\"https:\/\/eftrucks.es\/?page_id=868\" \/>\n<meta property=\"og:locale\" content=\"es_ES\" \/>\n<meta property=\"og:type\" content=\"article\" \/>\n<meta property=\"og:title\" content=\"Pol\u00edtica de cookies - EFTRUCKS\" \/>\n<meta property=\"og:description\" content=\"Pol\u00edtica de cookies Pol\u00edtica de cookies Las cookies\u00a0son archivos que se pueden descargar en su equipo a trav\u00e9s de las p\u00e1ginas web. Son herramientas que tienen un papel esencial para la prestaci\u00f3n de numerosos servicios de la sociedad de la informaci\u00f3n. Entre otros, permiten a una p\u00e1gina web almacenar y recuperar datos, que van de [&hellip;]\" \/>\n<meta property=\"og:url\" content=\"https:\/\/eftrucks.es\/?page_id=868\" \/>\n<meta property=\"og:site_name\" content=\"EFTRUCKS\" \/>\n<meta property=\"article:modified_time\" content=\"2025-11-20T10:12:00+00:00\" \/>\n<meta name=\"twitter:card\" content=\"summary_large_image\" \/>\n<meta name=\"twitter:label1\" content=\"Tiempo de lectura\" \/>\n\t<meta name=\"twitter:data1\" content=\"5 minutos\" \/>\n<script type=\"application\/ld+json\" class=\"yoast-schema-graph\">{\"@context\":\"https:\/\/schema.org\",\"@graph\":[{\"@type\":\"WebPage\",\"@id\":\"https:\/\/eftrucks.es\/?page_id=868\",\"url\":\"https:\/\/eftrucks.es\/?page_id=868\",\"name\":\"Pol\u00edtica de cookies - EFTRUCKS\",\"isPartOf\":{\"@id\":\"https:\/\/eftrucks.es\/#website\"},\"datePublished\":\"2025-11-20T10:07:54+00:00\",\"dateModified\":\"2025-11-20T10:12:00+00:00\",\"breadcrumb\":{\"@id\":\"https:\/\/eftrucks.es\/?page_id=868#breadcrumb\"},\"inLanguage\":\"es\",\"potentialAction\":[{\"@type\":\"ReadAction\",\"target\":[\"https:\/\/eftrucks.es\/?page_id=868\"]}]},{\"@type\":\"BreadcrumbList\",\"@id\":\"https:\/\/eftrucks.es\/?page_id=868#breadcrumb\",\"itemListElement\":[{\"@type\":\"ListItem\",\"position\":1,\"name\":\"Portada\",\"item\":\"https:\/\/eftrucks.es\/\"},{\"@type\":\"ListItem\",\"position\":2,\"name\":\"Pol\u00edtica de cookies\"}]},{\"@type\":\"WebSite\",\"@id\":\"https:\/\/eftrucks.es\/#website\",\"url\":\"https:\/\/eftrucks.es\/\",\"name\":\"EFTRUCKS\",\"description\":\"Compra - Venta de camiones y coches\",\"publisher\":{\"@id\":\"https:\/\/eftrucks.es\/#organization\"},\"potentialAction\":[{\"@type\":\"SearchAction\",\"target\":{\"@type\":\"EntryPoint\",\"urlTemplate\":\"https:\/\/eftrucks.es\/?s={search_term_string}\"},\"query-input\":{\"@type\":\"PropertyValueSpecification\",\"valueRequired\":true,\"valueName\":\"search_term_string\"}}],\"inLanguage\":\"es\"},{\"@type\":\"Organization\",\"@id\":\"https:\/\/eftrucks.es\/#organization\",\"name\":\"EFTRUCKS\",\"url\":\"https:\/\/eftrucks.es\/\",\"logo\":{\"@type\":\"ImageObject\",\"inLanguage\":\"es\",\"@id\":\"https:\/\/eftrucks.es\/#\/schema\/logo\/image\/\",\"url\":\"https:\/\/eftrucks.es\/wp-content\/uploads\/2025\/11\/cropped-logo-nuevo-EFTRUCKS-scaled-1.png\",\"contentUrl\":\"https:\/\/eftrucks.es\/wp-content\/uploads\/2025\/11\/cropped-logo-nuevo-EFTRUCKS-scaled-1.png\",\"width\":2560,\"height\":2560,\"caption\":\"EFTRUCKS\"},\"image\":{\"@id\":\"https:\/\/eftrucks.es\/#\/schema\/logo\/image\/\"}}]}<\/script>\n<!-- \/ Yoast SEO plugin. -->","yoast_head_json":{"title":"Pol\u00edtica de cookies - EFTRUCKS","robots":{"index":"index","follow":"follow","max-snippet":"max-snippet:-1","max-image-preview":"max-image-preview:large","max-video-preview":"max-video-preview:-1"},"canonical":"https:\/\/eftrucks.es\/?page_id=868","og_locale":"es_ES","og_type":"article","og_title":"Pol\u00edtica de cookies - EFTRUCKS","og_description":"Pol\u00edtica de cookies Pol\u00edtica de cookies Las cookies\u00a0son archivos que se pueden descargar en su equipo a trav\u00e9s de las p\u00e1ginas web. Son herramientas que tienen un papel esencial para la prestaci\u00f3n de numerosos servicios de la sociedad de la informaci\u00f3n. Entre otros, permiten a una p\u00e1gina web almacenar y recuperar datos, que van de [&hellip;]","og_url":"https:\/\/eftrucks.es\/?page_id=868","og_site_name":"EFTRUCKS","article_modified_time":"2025-11-20T10:12:00+00:00","twitter_card":"summary_large_image","twitter_misc":{"Tiempo de lectura":"5 minutos"},"schema":{"@context":"https:\/\/schema.org","@graph":[{"@type":"WebPage","@id":"https:\/\/eftrucks.es\/?page_id=868","url":"https:\/\/eftrucks.es\/?page_id=868","name":"Pol\u00edtica de cookies - EFTRUCKS","isPartOf":{"@id":"https:\/\/eftrucks.es\/#website"},"datePublished":"2025-11-20T10:07:54+00:00","dateModified":"2025-11-20T10:12:00+00:00","breadcrumb":{"@id":"https:\/\/eftrucks.es\/?page_id=868#breadcrumb"},"inLanguage":"es","potentialAction":[{"@type":"ReadAction","target":["https:\/\/eftrucks.es\/?page_id=868"]}]},{"@type":"BreadcrumbList","@id":"https:\/\/eftrucks.es\/?page_id=868#breadcrumb","itemListElement":[{"@type":"ListItem","position":1,"name":"Portada","item":"https:\/\/eftrucks.es\/"},{"@type":"ListItem","position":2,"name":"Pol\u00edtica de cookies"}]},{"@type":"WebSite","@id":"https:\/\/eftrucks.es\/#website","url":"https:\/\/eftrucks.es\/","name":"EFTRUCKS","description":"Compra - Venta de camiones y coches","publisher":{"@id":"https:\/\/eftrucks.es\/#organization"},"potentialAction":[{"@type":"SearchAction","target":{"@type":"EntryPoint","urlTemplate":"https:\/\/eftrucks.es\/?s={search_term_string}"},"query-input":{"@type":"PropertyValueSpecification","valueRequired":true,"valueName":"search_term_string"}}],"inLanguage":"es"},{"@type":"Organization","@id":"https:\/\/eftrucks.es\/#organization","name":"EFTRUCKS","url":"https:\/\/eftrucks.es\/","logo":{"@type":"ImageObject","inLanguage":"es","@id":"https:\/\/eftrucks.es\/#\/schema\/logo\/image\/","url":"https:\/\/eftrucks.es\/wp-content\/uploads\/2025\/11\/cropped-logo-nuevo-EFTRUCKS-scaled-1.png","contentUrl":"https:\/\/eftrucks.es\/wp-content\/uploads\/2025\/11\/cropped-logo-nuevo-EFTRUCKS-scaled-1.png","width":2560,"height":2560,"caption":"EFTRUCKS"},"image":{"@id":"https:\/\/eftrucks.es\/#\/schema\/logo\/image\/"}}]}},"_links":{"self":[{"href":"https:\/\/eftrucks.es\/index.php?rest_route=\/wp\/v2\/pages\/868","targetHints":{"allow":["GET"]}}],"collection":[{"href":"https:\/\/eftrucks.es\/index.php?rest_route=\/wp\/v2\/pages"}],"about":[{"href":"https:\/\/eftrucks.es\/index.php?rest_route=\/wp\/v2\/types\/page"}],"author":[{"embeddable":true,"href":"https:\/\/eftrucks.es\/index.php?rest_route=\/wp\/v2\/users\/2"}],"replies":[{"embeddable":true,"href":"https:\/\/eftrucks.es\/index.php?rest_route=%2Fwp%2Fv2%2Fcomments&post=868"}],"version-history":[{"count":7,"href":"https:\/\/eftrucks.es\/index.php?rest_route=\/wp\/v2\/pages\/868\/revisions"}],"predecessor-version":[{"id":876,"href":"https:\/\/eftrucks.es\/index.php?rest_route=\/wp\/v2\/pages\/868\/revisions\/876"}],"wp:attachment":[{"href":"https:\/\/eftrucks.es\/index.php?rest_route=%2Fwp%2Fv2%2Fmedia&parent=868"}],"curies":[{"name":"wp","href":"https:\/\/api.w.org\/{rel}","templated":true}]}}