{"id":883,"date":"2025-11-20T10:23:13","date_gmt":"2025-11-20T10:23:13","guid":{"rendered":"https:\/\/eftrucks.es\/?page_id=883"},"modified":"2025-11-20T10:36:05","modified_gmt":"2025-11-20T10:36:05","slug":"aviso-legal","status":"publish","type":"page","link":"https:\/\/eftrucks.es\/?page_id=883","title":{"rendered":"Aviso legal"},"content":{"rendered":"\t\t<div data-elementor-type=\"wp-page\" data-elementor-id=\"883\" class=\"elementor elementor-883\" data-elementor-post-type=\"page\">\n\t\t\t\t<div class=\"elementor-element elementor-element-92fa827 e-flex e-con-boxed e-con e-parent\" data-id=\"92fa827\" data-element_type=\"container\">\n\t\t\t\t\t<div class=\"e-con-inner\">\n\t\t<div class=\"elementor-element elementor-element-fbce082 e-con-full e-flex e-con e-child\" data-id=\"fbce082\" data-element_type=\"container\">\n\t\t\t\t<div class=\"elementor-element elementor-element-7a92de1 elementor-cta--skin-cover elementor-widget elementor-widget-call-to-action\" data-id=\"7a92de1\" data-element_type=\"widget\" data-widget_type=\"call-to-action.default\">\n\t\t\t\t\t\t\t<div class=\"elementor-cta\">\n\t\t\t\t\t<div class=\"elementor-cta__bg-wrapper\">\n\t\t\t\t<div class=\"elementor-cta__bg elementor-bg\" style=\"background-image: url(https:\/\/eftrucks.es\/wp-content\/uploads\/2025\/11\/BANNER-AVISO-LEGAL-EFTRUCKS-ok-1-scaled.jpg);\" role=\"img\" aria-label=\"POLITICAS + AVISO LEGAL + ACCESIBILIDADEFTRUCKS - 3\"><\/div>\n\t\t\t\t<div class=\"elementor-cta__bg-overlay\"><\/div>\n\t\t\t<\/div>\n\t\t\t\t\t\t\t<div class=\"elementor-cta__content\">\n\t\t\t\t\n\t\t\t\t\t\t\t\t\t<h2 class=\"elementor-cta__title elementor-cta__content-item elementor-content-item\">\n\t\t\t\t\t\tAviso legal\t\t\t\t\t<\/h2>\n\t\t\t\t\n\t\t\t\t\n\t\t\t\t\t\t\t<\/div>\n\t\t\t\t\t\t<\/div>\n\t\t\t\t\t\t<\/div>\n\t\t\t\t<\/div>\n\t\t\t\t\t<\/div>\n\t\t\t\t<\/div>\n\t\t<div class=\"elementor-element elementor-element-660ff0e8 e-con-full e-flex e-con e-parent\" data-id=\"660ff0e8\" data-element_type=\"container\" data-settings=\"{&quot;background_background&quot;:&quot;classic&quot;}\">\n\t\t<div class=\"elementor-element elementor-element-f012cc8 e-con-full e-flex elementor-invisible e-con e-child\" data-id=\"f012cc8\" data-element_type=\"container\" data-settings=\"{&quot;background_background&quot;:&quot;classic&quot;,&quot;animation&quot;:&quot;fadeInUp&quot;}\">\n\t\t\t\t<div class=\"elementor-element elementor-element-4466211 elementor-widget elementor-widget-heading\" data-id=\"4466211\" data-element_type=\"widget\" data-widget_type=\"heading.default\">\n\t\t\t\t\t<h1 class=\"elementor-heading-title elementor-size-default\">Aviso legal<\/h1>\t\t\t\t<\/div>\n\t\t<div class=\"elementor-element elementor-element-52fb68b e-con-full e-flex e-con e-child\" data-id=\"52fb68b\" data-element_type=\"container\">\n\t\t\t\t<div class=\"elementor-element elementor-element-8e154a8 elementor-widget elementor-widget-text-editor\" data-id=\"8e154a8\" data-element_type=\"widget\" data-widget_type=\"text-editor.default\">\n\t\t\t\t\t\t\t\t\t<div class=\"page-content\"><div class=\"elementor elementor-684\" data-elementor-type=\"wp-page\" data-elementor-id=\"684\" data-elementor-post-type=\"page\"><section class=\"elementor-section elementor-top-section elementor-element elementor-element-36a5b97 elementor-section-boxed elementor-section-height-default elementor-section-height-default\" data-id=\"36a5b97\" data-element_type=\"section\"><div class=\"elementor-container elementor-column-gap-default\"><div class=\"elementor-column elementor-col-100 elementor-top-column elementor-element elementor-element-21c188e\" data-id=\"21c188e\" data-element_type=\"column\"><div class=\"elementor-widget-wrap elementor-element-populated\"><div class=\"elementor-element elementor-element-35c6abe elementor-widget elementor-widget-text-editor\" data-id=\"35c6abe\" data-element_type=\"widget\" data-widget_type=\"text-editor.default\"><div class=\"elementor-widget-container\"><div class=\"elementor-element elementor-element-743940e7 elementor-widget elementor-widget-text-editor\" data-id=\"743940e7\" data-element_type=\"widget\" data-widget_type=\"text-editor.default\"><div class=\"elementor-widget-container\"><div class=\"page-content\"><div class=\"elementor elementor-682\" data-elementor-type=\"wp-page\" data-elementor-id=\"682\" data-elementor-post-type=\"page\"><section class=\"elementor-section elementor-top-section elementor-element elementor-element-f2d56de elementor-section-boxed elementor-section-height-default elementor-section-height-default\" data-id=\"f2d56de\" data-element_type=\"section\"><div class=\"elementor-container elementor-column-gap-default\"><div class=\"elementor-column elementor-col-100 elementor-top-column elementor-element elementor-element-6ebc14d\" data-id=\"6ebc14d\" data-element_type=\"column\"><div class=\"elementor-widget-wrap elementor-element-populated\"><div class=\"elementor-element elementor-element-7b507ef elementor-widget elementor-widget-text-editor\" data-id=\"7b507ef\" data-element_type=\"widget\" data-widget_type=\"text-editor.default\"><div class=\"elementor-widget-container\"><div data-id=\"743940e7\" data-element_type=\"widget\" data-widget_type=\"text-editor.default\"><div><p><b>EFTRUCKS\u00a0<\/b>en adelante \u00ab<strong>RESPONSABLE<\/strong>\u00ab, pone a disposici\u00f3n de los usuarios el presente documento, con el objetivo de cumplir con las obligaciones establecidas en la Ley 34\/2002, de 11 de julio, de Servicios de la Sociedad de la Informaci\u00f3n y de Comercio Electr\u00f3nico (LSSICE), BOE N\u00ba 166, as\u00ed como de informar a todos los usuarios del sitio web sobre las condiciones de uso.<\/p><p>Toda persona que acceda a este sitio web asume el papel de usuario, comprometi\u00e9ndose a observar y cumplir rigurosamente las disposiciones aqu\u00ed indicadas, as\u00ed como cualquier otra disposici\u00f3n legal aplicable.<\/p><p><b>EFTRUCKS<\/b> se reserva el derecho de modificar cualquier informaci\u00f3n que pueda aparecer en el sitio web, sin obligaci\u00f3n de preaviso, entendi\u00e9ndose como suficiente con la publicaci\u00f3n en el sitio web de <a href=\"mailto:info@eftrucks.es\">info@eftrucks.es<\/a><\/p><ol><li><strong>DATOS IDENTIFICATIVOS<\/strong><\/li><\/ol><ul><li>Nombre de dominio: <a href=\"http:\/\/www.eftrucks.es\">www.eftrucks.es<\/a><\/li><li>Denominaci\u00f3n social: <strong>Eliseo Ferrando, S.L.<\/strong><\/li><li>NIF: <b>??????????????<\/b><\/li><li>Domicilio social: C\/ <strong>Alfarers, Pol\u00edgono industrial, \u00b7 46611 \u00b7 BENIMUSLEM \u00b7 (Valencia)<\/strong><\/li><li>Correo electr\u00f3nico: <a href=\"mailto:info@eftrucks.es\">info@eftrucks.es<\/a><\/li><\/ul><div>\u00a0<\/div><ol><li><strong>DERECHOS DE PROPIEDAD INTELECTUAL E INDUSTRIAL<\/strong><\/li><\/ol><p>El sitio web, incluyendo su programaci\u00f3n, dise\u00f1o, logotipos, texto y\/o gr\u00e1ficos, son propiedad del RESPONSABLE o cuenta con licencia o autorizaci\u00f3n expresa de los autores. Todos los contenidos del sitio web est\u00e1n protegidos por la normativa de propiedad intelectual e industrial. Queda prohibida la reproducci\u00f3n, uso, explotaci\u00f3n, distribuci\u00f3n y comercializaci\u00f3n no autorizados previamente por escrito.<\/p><ul><li>Los dise\u00f1os, logotipos, texto y\/o gr\u00e1ficos ajenos al\u00a0<strong>RESPONSABLE<\/strong>\u00a0y que puedan aparecer en el sitio web, pertenecen a sus respectivos propietarios, siendo ellos responsables de cualquier controversia que pudiera surgir respecto a los mismos. El\u00a0<strong>RESPONSABLE<\/strong> autoriza a terceros a redirigir al sitio web principal de <a href=\"http:\/\/www.eftrucks.es\">www.eftrucks.es<\/a><\/li><\/ul><p>Para informar sobre posibles incumplimientos de derechos de propiedad intelectual o industrial, as\u00ed como sobre cualquier contenido del sitio web, puede contactarse a trav\u00e9s del correo electr\u00f3nico <a href=\"mailto:info@eftrucks.es\">info@eftrucks.es<\/a><br \/><br \/><\/p><p><strong>EXENCI\u00d3N DE RESPONSABILIDADES El RESPONSABLE<\/strong><\/p><p>Se exime de cualquier responsabilidad derivada de la informaci\u00f3n publicada en el sitio web, siempre que esta haya sido manipulada o introducida por un tercero ajeno al mismo.<\/p><p><strong>Uso de Cookies<\/strong><\/p><p>Este sitio web puede utilizar cookies t\u00e9cnicas para funciones imprescindibles de su correcto funcionamiento. Estas cookies son temporales y desaparecen al finalizar la sesi\u00f3n del usuario. No recopilan datos personales ni se utilizan para su recogida.<\/p><p>Mediante el uso de cookies tambi\u00e9n es posible que el servidor reconozca el navegador del usuario para facilitar la navegaci\u00f3n. El usuario puede configurar su navegador para recibir alertas de cookies y bloquear su instalaci\u00f3n en su dispositivo.<\/p><p><strong>Pol\u00edtica de enlaces<\/strong><\/p><p>El sitio web puede redirigir a contenidos de terceros sitios web. El\u00a0<strong>RESPONSABLE<\/strong>\u00a0no asume responsabilidad sobre dichos contenidos y se reserva el derecho de retirar enlaces que contravengan la legislaci\u00f3n vigente.<\/p><p>Este sitio web ha sido revisado para garantizar su correcto funcionamiento. No obstante, el\u00a0<strong>RESPONSABLE<\/strong>\u00a0no se hace responsable de posibles errores de programaci\u00f3n o causas de fuerza mayor que impidan el acceso a la p\u00e1gina web.<\/p><p><strong>Direcciones IP<\/strong><\/p><p>Los servidores del sitio web pueden detectar la direcci\u00f3n IP del usuario y el nombre de dominio utilizado. Estos datos son registrados para obtener mediciones estad\u00edsticas y mejorar la navegaci\u00f3n del usuario.<br \/><br \/><\/p><ol><li><strong>LEY APLICABLE Y JURISDICCI\u00d3N<\/strong><\/li><\/ol><p>La legislaci\u00f3n espa\u00f1ola ser\u00e1 aplicable para resolver cualquier controversia relacionada con el sitio web, y las partes se someten a la jurisdicci\u00f3n de los Juzgados y Tribunales m\u00e1s cercanos a Gondomar.<\/p><\/div><\/div><\/div><\/div><\/div><\/div><\/div><\/section><\/div><\/div><\/div><\/div><\/div><\/div><\/div><\/div><\/div><\/section><\/div><\/div>\t\t\t\t\t\t\t\t<\/div>\n\t\t\t\t<\/div>\n\t\t\t\t<\/div>\n\t\t\t\t<\/div>\n\t\t<div class=\"elementor-element elementor-element-8cc7025 e-flex e-con-boxed e-con e-parent\" data-id=\"8cc7025\" data-element_type=\"container\">\n\t\t\t\t\t<div class=\"e-con-inner\">\n\t\t\t\t<div class=\"elementor-element elementor-element-c9178aa elementor-widget__width-inherit elementor-absolute elementor-widget-divider--view-line elementor-widget elementor-widget-divider\" data-id=\"c9178aa\" data-element_type=\"widget\" data-settings=\"{&quot;_position&quot;:&quot;absolute&quot;}\" data-widget_type=\"divider.default\">\n\t\t\t\t\t\t\t<div class=\"elementor-divider\">\n\t\t\t<span class=\"elementor-divider-separator\">\n\t\t\t\t\t\t<\/span>\n\t\t<\/div>\n\t\t\t\t\t\t<\/div>\n\t\t\t\t\t<\/div>\n\t\t\t\t<\/div>\n\t\t\t\t<\/div>\n\t\t","protected":false},"excerpt":{"rendered":"<p>Aviso legal Aviso legal EFTRUCKS\u00a0en adelante \u00abRESPONSABLE\u00ab, pone a disposici\u00f3n de los usuarios el presente documento, con el objetivo de cumplir con las obligaciones establecidas en la Ley 34\/2002, de 11 de julio, de Servicios de la Sociedad de la Informaci\u00f3n y de Comercio Electr\u00f3nico (LSSICE), BOE N\u00ba 166, as\u00ed como de informar a todos [&hellip;]<\/p>\n","protected":false},"author":2,"featured_media":0,"parent":0,"menu_order":0,"comment_status":"closed","ping_status":"closed","template":"","meta":{"_monsterinsights_skip_tracking":false,"_monsterinsights_sitenote_active":false,"_monsterinsights_sitenote_note":"","_monsterinsights_sitenote_category":0,"footnotes":""},"class_list":["post-883","page","type-page","status-publish","hentry"],"aioseo_notices":[],"yoast_head":"<!-- This site is optimized with the Yoast SEO plugin v26.4 - https:\/\/yoast.com\/wordpress\/plugins\/seo\/ -->\n<title>Aviso legal - EFTRUCKS<\/title>\n<meta name=\"robots\" content=\"index, follow, max-snippet:-1, max-image-preview:large, max-video-preview:-1\" \/>\n<link rel=\"canonical\" href=\"https:\/\/eftrucks.es\/?page_id=883\" \/>\n<meta property=\"og:locale\" content=\"es_ES\" \/>\n<meta property=\"og:type\" content=\"article\" \/>\n<meta property=\"og:title\" content=\"Aviso legal - EFTRUCKS\" \/>\n<meta property=\"og:description\" content=\"Aviso legal Aviso legal EFTRUCKS\u00a0en adelante \u00abRESPONSABLE\u00ab, pone a disposici\u00f3n de los usuarios el presente documento, con el objetivo de cumplir con las obligaciones establecidas en la Ley 34\/2002, de 11 de julio, de Servicios de la Sociedad de la Informaci\u00f3n y de Comercio Electr\u00f3nico (LSSICE), BOE N\u00ba 166, as\u00ed como de informar a todos [&hellip;]\" \/>\n<meta property=\"og:url\" content=\"https:\/\/eftrucks.es\/?page_id=883\" \/>\n<meta property=\"og:site_name\" content=\"EFTRUCKS\" \/>\n<meta property=\"article:modified_time\" content=\"2025-11-20T10:36:05+00:00\" \/>\n<meta name=\"twitter:card\" content=\"summary_large_image\" \/>\n<meta name=\"twitter:label1\" content=\"Tiempo de lectura\" \/>\n\t<meta name=\"twitter:data1\" content=\"8 minutos\" \/>\n<script type=\"application\/ld+json\" class=\"yoast-schema-graph\">{\"@context\":\"https:\/\/schema.org\",\"@graph\":[{\"@type\":\"WebPage\",\"@id\":\"https:\/\/eftrucks.es\/?page_id=883\",\"url\":\"https:\/\/eftrucks.es\/?page_id=883\",\"name\":\"Aviso legal - EFTRUCKS\",\"isPartOf\":{\"@id\":\"https:\/\/eftrucks.es\/#website\"},\"datePublished\":\"2025-11-20T10:23:13+00:00\",\"dateModified\":\"2025-11-20T10:36:05+00:00\",\"breadcrumb\":{\"@id\":\"https:\/\/eftrucks.es\/?page_id=883#breadcrumb\"},\"inLanguage\":\"es\",\"potentialAction\":[{\"@type\":\"ReadAction\",\"target\":[\"https:\/\/eftrucks.es\/?page_id=883\"]}]},{\"@type\":\"BreadcrumbList\",\"@id\":\"https:\/\/eftrucks.es\/?page_id=883#breadcrumb\",\"itemListElement\":[{\"@type\":\"ListItem\",\"position\":1,\"name\":\"Portada\",\"item\":\"https:\/\/eftrucks.es\/\"},{\"@type\":\"ListItem\",\"position\":2,\"name\":\"Aviso legal\"}]},{\"@type\":\"WebSite\",\"@id\":\"https:\/\/eftrucks.es\/#website\",\"url\":\"https:\/\/eftrucks.es\/\",\"name\":\"EFTRUCKS\",\"description\":\"Compra - Venta de camiones y coches\",\"publisher\":{\"@id\":\"https:\/\/eftrucks.es\/#organization\"},\"potentialAction\":[{\"@type\":\"SearchAction\",\"target\":{\"@type\":\"EntryPoint\",\"urlTemplate\":\"https:\/\/eftrucks.es\/?s={search_term_string}\"},\"query-input\":{\"@type\":\"PropertyValueSpecification\",\"valueRequired\":true,\"valueName\":\"search_term_string\"}}],\"inLanguage\":\"es\"},{\"@type\":\"Organization\",\"@id\":\"https:\/\/eftrucks.es\/#organization\",\"name\":\"EFTRUCKS\",\"url\":\"https:\/\/eftrucks.es\/\",\"logo\":{\"@type\":\"ImageObject\",\"inLanguage\":\"es\",\"@id\":\"https:\/\/eftrucks.es\/#\/schema\/logo\/image\/\",\"url\":\"https:\/\/eftrucks.es\/wp-content\/uploads\/2025\/11\/cropped-logo-nuevo-EFTRUCKS-scaled-1.png\",\"contentUrl\":\"https:\/\/eftrucks.es\/wp-content\/uploads\/2025\/11\/cropped-logo-nuevo-EFTRUCKS-scaled-1.png\",\"width\":2560,\"height\":2560,\"caption\":\"EFTRUCKS\"},\"image\":{\"@id\":\"https:\/\/eftrucks.es\/#\/schema\/logo\/image\/\"}}]}<\/script>\n<!-- \/ Yoast SEO plugin. -->","yoast_head_json":{"title":"Aviso legal - EFTRUCKS","robots":{"index":"index","follow":"follow","max-snippet":"max-snippet:-1","max-image-preview":"max-image-preview:large","max-video-preview":"max-video-preview:-1"},"canonical":"https:\/\/eftrucks.es\/?page_id=883","og_locale":"es_ES","og_type":"article","og_title":"Aviso legal - EFTRUCKS","og_description":"Aviso legal Aviso legal EFTRUCKS\u00a0en adelante \u00abRESPONSABLE\u00ab, pone a disposici\u00f3n de los usuarios el presente documento, con el objetivo de cumplir con las obligaciones establecidas en la Ley 34\/2002, de 11 de julio, de Servicios de la Sociedad de la Informaci\u00f3n y de Comercio Electr\u00f3nico (LSSICE), BOE N\u00ba 166, as\u00ed como de informar a todos [&hellip;]","og_url":"https:\/\/eftrucks.es\/?page_id=883","og_site_name":"EFTRUCKS","article_modified_time":"2025-11-20T10:36:05+00:00","twitter_card":"summary_large_image","twitter_misc":{"Tiempo de lectura":"8 minutos"},"schema":{"@context":"https:\/\/schema.org","@graph":[{"@type":"WebPage","@id":"https:\/\/eftrucks.es\/?page_id=883","url":"https:\/\/eftrucks.es\/?page_id=883","name":"Aviso legal - EFTRUCKS","isPartOf":{"@id":"https:\/\/eftrucks.es\/#website"},"datePublished":"2025-11-20T10:23:13+00:00","dateModified":"2025-11-20T10:36:05+00:00","breadcrumb":{"@id":"https:\/\/eftrucks.es\/?page_id=883#breadcrumb"},"inLanguage":"es","potentialAction":[{"@type":"ReadAction","target":["https:\/\/eftrucks.es\/?page_id=883"]}]},{"@type":"BreadcrumbList","@id":"https:\/\/eftrucks.es\/?page_id=883#breadcrumb","itemListElement":[{"@type":"ListItem","position":1,"name":"Portada","item":"https:\/\/eftrucks.es\/"},{"@type":"ListItem","position":2,"name":"Aviso legal"}]},{"@type":"WebSite","@id":"https:\/\/eftrucks.es\/#website","url":"https:\/\/eftrucks.es\/","name":"EFTRUCKS","description":"Compra - Venta de camiones y coches","publisher":{"@id":"https:\/\/eftrucks.es\/#organization"},"potentialAction":[{"@type":"SearchAction","target":{"@type":"EntryPoint","urlTemplate":"https:\/\/eftrucks.es\/?s={search_term_string}"},"query-input":{"@type":"PropertyValueSpecification","valueRequired":true,"valueName":"search_term_string"}}],"inLanguage":"es"},{"@type":"Organization","@id":"https:\/\/eftrucks.es\/#organization","name":"EFTRUCKS","url":"https:\/\/eftrucks.es\/","logo":{"@type":"ImageObject","inLanguage":"es","@id":"https:\/\/eftrucks.es\/#\/schema\/logo\/image\/","url":"https:\/\/eftrucks.es\/wp-content\/uploads\/2025\/11\/cropped-logo-nuevo-EFTRUCKS-scaled-1.png","contentUrl":"https:\/\/eftrucks.es\/wp-content\/uploads\/2025\/11\/cropped-logo-nuevo-EFTRUCKS-scaled-1.png","width":2560,"height":2560,"caption":"EFTRUCKS"},"image":{"@id":"https:\/\/eftrucks.es\/#\/schema\/logo\/image\/"}}]}},"_links":{"self":[{"href":"https:\/\/eftrucks.es\/index.php?rest_route=\/wp\/v2\/pages\/883","targetHints":{"allow":["GET"]}}],"collection":[{"href":"https:\/\/eftrucks.es\/index.php?rest_route=\/wp\/v2\/pages"}],"about":[{"href":"https:\/\/eftrucks.es\/index.php?rest_route=\/wp\/v2\/types\/page"}],"author":[{"embeddable":true,"href":"https:\/\/eftrucks.es\/index.php?rest_route=\/wp\/v2\/users\/2"}],"replies":[{"embeddable":true,"href":"https:\/\/eftrucks.es\/index.php?rest_route=%2Fwp%2Fv2%2Fcomments&post=883"}],"version-history":[{"count":7,"href":"https:\/\/eftrucks.es\/index.php?rest_route=\/wp\/v2\/pages\/883\/revisions"}],"predecessor-version":[{"id":898,"href":"https:\/\/eftrucks.es\/index.php?rest_route=\/wp\/v2\/pages\/883\/revisions\/898"}],"wp:attachment":[{"href":"https:\/\/eftrucks.es\/index.php?rest_route=%2Fwp%2Fv2%2Fmedia&parent=883"}],"curies":[{"name":"wp","href":"https:\/\/api.w.org\/{rel}","templated":true}]}}