{"id":905,"date":"2025-11-20T10:39:20","date_gmt":"2025-11-20T10:39:20","guid":{"rendered":"https:\/\/eftrucks.es\/?page_id=905"},"modified":"2025-11-20T10:52:44","modified_gmt":"2025-11-20T10:52:44","slug":"accesibilidad","status":"publish","type":"page","link":"https:\/\/eftrucks.es\/?page_id=905","title":{"rendered":"Accesibilidad"},"content":{"rendered":"\t\t<div data-elementor-type=\"wp-page\" data-elementor-id=\"905\" class=\"elementor elementor-905\" data-elementor-post-type=\"page\">\n\t\t\t\t<div class=\"elementor-element elementor-element-92fa827 e-flex e-con-boxed e-con e-parent\" data-id=\"92fa827\" data-element_type=\"container\">\n\t\t\t\t\t<div class=\"e-con-inner\">\n\t\t<div class=\"elementor-element elementor-element-fbce082 e-con-full e-flex e-con e-child\" data-id=\"fbce082\" data-element_type=\"container\">\n\t\t\t\t<div class=\"elementor-element elementor-element-7a92de1 elementor-cta--skin-cover elementor-widget elementor-widget-call-to-action\" data-id=\"7a92de1\" data-element_type=\"widget\" data-widget_type=\"call-to-action.default\">\n\t\t\t\t\t\t\t<div class=\"elementor-cta\">\n\t\t\t\t\t<div class=\"elementor-cta__bg-wrapper\">\n\t\t\t\t<div class=\"elementor-cta__bg elementor-bg\" style=\"background-image: url(https:\/\/eftrucks.es\/wp-content\/uploads\/2025\/11\/BANNER-ACCESIBILIDAD-EFTRUCKS-ok-scaled.jpg);\" role=\"img\" aria-label=\"POLITICAS + AVISO LEGAL + ACCESIBILIDADEFTRUCKS - 4\"><\/div>\n\t\t\t\t<div class=\"elementor-cta__bg-overlay\"><\/div>\n\t\t\t<\/div>\n\t\t\t\t\t\t\t<div class=\"elementor-cta__content\">\n\t\t\t\t\n\t\t\t\t\t\t\t\t\t<h2 class=\"elementor-cta__title elementor-cta__content-item elementor-content-item\">\n\t\t\t\t\t\tAccesibilidad\t\t\t\t\t<\/h2>\n\t\t\t\t\n\t\t\t\t\n\t\t\t\t\t\t\t<\/div>\n\t\t\t\t\t\t<\/div>\n\t\t\t\t\t\t<\/div>\n\t\t\t\t<\/div>\n\t\t\t\t\t<\/div>\n\t\t\t\t<\/div>\n\t\t<div class=\"elementor-element elementor-element-660ff0e8 e-con-full e-flex e-con e-parent\" data-id=\"660ff0e8\" data-element_type=\"container\" data-settings=\"{&quot;background_background&quot;:&quot;classic&quot;}\">\n\t\t<div class=\"elementor-element elementor-element-f012cc8 e-con-full e-flex elementor-invisible e-con e-child\" data-id=\"f012cc8\" data-element_type=\"container\" data-settings=\"{&quot;background_background&quot;:&quot;classic&quot;,&quot;animation&quot;:&quot;fadeInUp&quot;}\">\n\t\t\t\t<div class=\"elementor-element elementor-element-4466211 elementor-widget elementor-widget-heading\" data-id=\"4466211\" data-element_type=\"widget\" data-widget_type=\"heading.default\">\n\t\t\t\t\t<h1 class=\"elementor-heading-title elementor-size-default\">Accesibilidad<\/h1>\t\t\t\t<\/div>\n\t\t<div class=\"elementor-element elementor-element-52fb68b e-con-full e-flex e-con e-child\" data-id=\"52fb68b\" data-element_type=\"container\">\n\t\t\t\t<div class=\"elementor-element elementor-element-8e154a8 elementor-widget elementor-widget-text-editor\" data-id=\"8e154a8\" data-element_type=\"widget\" data-widget_type=\"text-editor.default\">\n\t\t\t\t\t\t\t\t\t<div class=\"page-content\"><div class=\"elementor elementor-684\" data-elementor-type=\"wp-page\" data-elementor-id=\"684\" data-elementor-post-type=\"page\"><section class=\"elementor-section elementor-top-section elementor-element elementor-element-36a5b97 elementor-section-boxed elementor-section-height-default elementor-section-height-default\" data-id=\"36a5b97\" data-element_type=\"section\"><div class=\"elementor-container elementor-column-gap-default\"><div class=\"elementor-column elementor-col-100 elementor-top-column elementor-element elementor-element-21c188e\" data-id=\"21c188e\" data-element_type=\"column\"><div class=\"elementor-widget-wrap elementor-element-populated\"><div class=\"elementor-element elementor-element-35c6abe elementor-widget elementor-widget-text-editor\" data-id=\"35c6abe\" data-element_type=\"widget\" data-widget_type=\"text-editor.default\"><div class=\"elementor-widget-container\"><div class=\"elementor-element elementor-element-743940e7 elementor-widget elementor-widget-text-editor\" data-id=\"743940e7\" data-element_type=\"widget\" data-widget_type=\"text-editor.default\"><div class=\"elementor-widget-container\"><div class=\"page-content\"><div class=\"elementor elementor-682\" data-elementor-type=\"wp-page\" data-elementor-id=\"682\" data-elementor-post-type=\"page\"><section class=\"elementor-section elementor-top-section elementor-element elementor-element-f2d56de elementor-section-boxed elementor-section-height-default elementor-section-height-default\" data-id=\"f2d56de\" data-element_type=\"section\"><div class=\"elementor-container elementor-column-gap-default\"><div class=\"elementor-column elementor-col-100 elementor-top-column elementor-element elementor-element-6ebc14d\" data-id=\"6ebc14d\" data-element_type=\"column\"><div class=\"elementor-widget-wrap elementor-element-populated\"><div class=\"elementor-element elementor-element-7b507ef elementor-widget elementor-widget-text-editor\" data-id=\"7b507ef\" data-element_type=\"widget\" data-widget_type=\"text-editor.default\"><div class=\"elementor-widget-container\"><div data-id=\"743940e7\" data-element_type=\"widget\" data-widget_type=\"text-editor.default\"><div class=\"page-content\"><div class=\"elementor elementor-921\" data-elementor-type=\"wp-page\" data-elementor-id=\"921\" data-elementor-post-type=\"page\"><section class=\"elementor-section elementor-top-section elementor-element elementor-element-12e1f28 elementor-section-boxed elementor-section-height-default elementor-section-height-default\" data-id=\"12e1f28\" data-element_type=\"section\"><div class=\"elementor-container elementor-column-gap-default\"><div class=\"elementor-column elementor-col-100 elementor-top-column elementor-element elementor-element-1e1d734\" data-id=\"1e1d734\" data-element_type=\"column\"><div class=\"elementor-widget-wrap elementor-element-populated\"><div class=\"elementor-element elementor-element-ec9cadf elementor-widget elementor-widget-text-editor\" data-id=\"ec9cadf\" data-element_type=\"widget\" data-widget_type=\"text-editor.default\"><div class=\"elementor-widget-container\"><p><b>EFTRUCKS<\/b>\u00a0se ha comprometido a hacer accesibles sus sitios web de conformidad con el <a href=\"https:\/\/www.boe.es\/buscar\/act.php?id=BOE-A-2018-12699\" target=\"_blank\" rel=\"noopener\"><strong>Real Decreto 1112\/2018, de 7 de septiembre<\/strong><\/a>, sobre accesibilidad de los sitios web y aplicaciones para dispositivos m\u00f3viles del sector p\u00fablico (en adelante, Real Decreto 1112\/2018, de 7 de septiembre).<\/p><p>La presente declaraci\u00f3n de accesibilidad se aplica al sitio web <a href=\"http:\/\/www.eftrucks.es\">www.eftrucks.es<\/a> los subdominios de este sitio web tendr\u00e1n sus propias declaraciones de accesibilidad.<\/p><p><strong>Situaci\u00f3n de cumplimiento<\/strong><\/p><p>Este sitio web es\u00a0<strong>parcialmente conforme<\/strong>\u00a0con el Real Decreto 1112\/2018, de 7 de septiembre, debido a la falta de conformidad de los aspectos que se indican a continuaci\u00f3n.<\/p><p><strong>Contenido no accesible<\/strong><\/p><p>El contenido que se recoge a continuaci\u00f3n no es accesible por lo siguiente:<\/p><ol><li><strong>Falta de conformidad con el Real Decreto 1112\/2018, de 7 de septiembre<\/strong>: podr\u00edan existir fallos puntuales de edici\u00f3n en alguna p\u00e1gina web, tanto en contenidos HTML como en documentos finales, publicados en fecha posterior al 20 de septiembre de 2018 (fecha de entrada en vigor del Real Decreto 1112\/2018, de 7 de septiembre). Concretamente puede haber errores en aquellos documentos que contienen gr\u00e1ficos, tablas complejas o en aquellos firmados electr\u00f3nicamente antes de su revisi\u00f3n de accesibilidad.<\/li><li><strong>Carga desproporcionada<\/strong>: no aplica.<\/li><li>El contenido\u00a0<strong>no entra dentro del \u00e1mbito de la legislaci\u00f3n\u00a0<\/strong>aplicable: No aplica<\/li><\/ol><p><strong>Preparaci\u00f3n de la presente declaraci\u00f3n de accesibilidad<\/strong><\/p><p>La presente declaraci\u00f3n fue preparada el 17 de enero de 2024.<\/p><p>El m\u00e9todo empleado para preparar la declaraci\u00f3n ha sido una autoevaluaci\u00f3n llevada a cabo por el propio organismo.<\/p><p>\u00daltima revisi\u00f3n de la declaraci\u00f3n: 17 de enero de 2024.<\/p><p><strong>Observaciones y datos de contacto<\/strong><\/p><p>Puede realizar comunicaciones sobre requisitos de accesibilidad (art\u00edculo 10.2.a) del Real Decreto 1112\/2018, de 7 de septiembre) como, por ejemplo:<\/p><ul><li>Informar sobre cualquier posible incumplimiento por parte de este sitio web.<\/li><li>Transmitir otras dificultades de acceso al contenido.<\/li><li>Formular cualquier otra consulta o sugerencia de mejora relativa a la accesibilidad del sitio web.<\/li><\/ul><p>\u00a0<\/p><p>A trav\u00e9s de las siguientes v\u00edas:<\/p><ul><li>Correo electr\u00f3nico: <a href=\"mailto:info@eftrucks.es\">info@eftrucks.es<\/a><\/li><\/ul><p>Tambi\u00e9n puede solicitar en formato accesible informaci\u00f3n que no cumpla con los requisitos de accesibilidad bien por estar excluida, bien por estar exenta por carga desproporcionada; o formular una queja por incumplimiento de los requisitos de accesibilidad. Enlace al\u00a0<a href=\"https:\/\/sedeminhap.gob.es\/es-ES\/Organos\/SecretariaGeneralTecnica\/Procedimientos\/Paginas\/Default.aspx?IdProcedimiento=1770&amp;p=3\" target=\"_blank\" rel=\"noopener\"><strong>procedimiento de solicitud de informaci\u00f3n accesible y quejas<\/strong><\/a>\u00a0del art\u00edculo 12 del Real Decreto 1112\/2018, de 7 de septiembre.<\/p><p><strong>Procedimiento de aplicaci\u00f3n<\/strong><\/p><p>A trav\u00e9s de este procedimiento podr\u00e1 iniciar una reclamaci\u00f3n para conocer y oponerse a los motivos de la desestimaci\u00f3n de una solicitud de informaci\u00f3n accesible o queja, instar la adopci\u00f3n de las medidas oportunas en el caso de no estar de acuerdo con la decisi\u00f3n adoptada, o exponer las razones por las que se considera que la respuesta no cumple con los requisitos exigidos.<\/p><p>Enlace al\u00a0<a href=\"https:\/\/sedeminhap.gob.es\/es-ES\/Organos\/SecretariaGeneralTecnica\/Procedimientos\/Paginas\/Default.aspx?IdProcedimiento=1771&amp;p=2\" target=\"_blank\" rel=\"noopener\"><strong>procedimiento de reclamaci\u00f3n\u00a0<\/strong><\/a>, que debe dirigir a la Unidad responsable de accesibilidad de este Ministerio, o si la reclamaci\u00f3n es por una actuaci\u00f3n de dicha Unidad, al superior jer\u00e1rquico de \u00e9sta.<\/p><p><strong>Contenido opcional<\/strong><\/p><p>La versi\u00f3n actualmente visible de este sitio web es de 17 de enero de 2024.y en esa fecha se hizo la revisi\u00f3n del nivel de accesibilidad vigente en aquel momento.<\/p><p>A partir de dicha fecha se llevan a cabo revisiones parciales diarias del contenido web nuevo o modificado, tanto de las plantillas como de las p\u00e1ginas y documentos finales publicados, a fin de asegurar el cumplimiento de los requerimientos de accesibilidad de la Norma UNE-EN 301549:2019, considerando las excepciones del Real Decreto 1112\/2018, de 7 de septiembre.<\/p><p>Adicionalmente, este\u00a0sitio web es revisado por el Observatorio de Accesibilidad Web (OAW), habi\u00e9ndose realizado la \u00faltima revisi\u00f3n en\u00a0julio 2020.<\/p><p>Entre otras se adoptan las siguientes medidas para facilitar la accesibilidad:<\/p><ul><li><strong>Utilizaci\u00f3n de texto alternativo en las im\u00e1genes<\/strong><\/li><li><strong>Los enlaces ofrecen detalles de la funci\u00f3n o destino del hiperv\u00ednculo<\/strong><\/li><li><strong>Uso de los est\u00e1ndares del W3C: XHTML 1.0, CSS 3.0, WAI AA.<\/strong><\/li><\/ul><\/div><\/div><\/div><\/div><\/div><\/section><\/div><\/div><\/div><\/div><\/div><\/div><\/div><\/div><\/section><\/div><\/div><\/div><\/div><\/div><\/div><\/div><\/div><\/div><\/section><\/div><\/div>\t\t\t\t\t\t\t\t<\/div>\n\t\t\t\t<\/div>\n\t\t\t\t<\/div>\n\t\t\t\t<\/div>\n\t\t<div class=\"elementor-element elementor-element-8cc7025 e-flex e-con-boxed e-con e-parent\" data-id=\"8cc7025\" data-element_type=\"container\">\n\t\t\t\t\t<div class=\"e-con-inner\">\n\t\t\t\t<div class=\"elementor-element elementor-element-c9178aa elementor-widget__width-inherit elementor-absolute elementor-widget-divider--view-line elementor-widget elementor-widget-divider\" data-id=\"c9178aa\" data-element_type=\"widget\" data-settings=\"{&quot;_position&quot;:&quot;absolute&quot;}\" data-widget_type=\"divider.default\">\n\t\t\t\t\t\t\t<div class=\"elementor-divider\">\n\t\t\t<span class=\"elementor-divider-separator\">\n\t\t\t\t\t\t<\/span>\n\t\t<\/div>\n\t\t\t\t\t\t<\/div>\n\t\t\t\t\t<\/div>\n\t\t\t\t<\/div>\n\t\t\t\t<\/div>\n\t\t","protected":false},"excerpt":{"rendered":"<p>Accesibilidad Accesibilidad EFTRUCKS\u00a0se ha comprometido a hacer accesibles sus sitios web de conformidad con el Real Decreto 1112\/2018, de 7 de septiembre, sobre accesibilidad de los sitios web y aplicaciones para dispositivos m\u00f3viles del sector p\u00fablico (en adelante, Real Decreto 1112\/2018, de 7 de septiembre). La presente declaraci\u00f3n de accesibilidad se aplica al sitio web [&hellip;]<\/p>\n","protected":false},"author":2,"featured_media":0,"parent":0,"menu_order":0,"comment_status":"closed","ping_status":"closed","template":"","meta":{"_monsterinsights_skip_tracking":false,"_monsterinsights_sitenote_active":false,"_monsterinsights_sitenote_note":"","_monsterinsights_sitenote_category":0,"footnotes":""},"class_list":["post-905","page","type-page","status-publish","hentry"],"aioseo_notices":[],"yoast_head":"<!-- This site is optimized with the Yoast SEO plugin v26.4 - https:\/\/yoast.com\/wordpress\/plugins\/seo\/ -->\n<title>Accesibilidad - EFTRUCKS<\/title>\n<meta name=\"robots\" content=\"index, follow, max-snippet:-1, max-image-preview:large, max-video-preview:-1\" \/>\n<link rel=\"canonical\" href=\"https:\/\/eftrucks.es\/?page_id=905\" \/>\n<meta property=\"og:locale\" content=\"es_ES\" \/>\n<meta property=\"og:type\" content=\"article\" \/>\n<meta property=\"og:title\" content=\"Accesibilidad - EFTRUCKS\" \/>\n<meta property=\"og:description\" content=\"Accesibilidad Accesibilidad EFTRUCKS\u00a0se ha comprometido a hacer accesibles sus sitios web de conformidad con el Real Decreto 1112\/2018, de 7 de septiembre, sobre accesibilidad de los sitios web y aplicaciones para dispositivos m\u00f3viles del sector p\u00fablico (en adelante, Real Decreto 1112\/2018, de 7 de septiembre). La presente declaraci\u00f3n de accesibilidad se aplica al sitio web [&hellip;]\" \/>\n<meta property=\"og:url\" content=\"https:\/\/eftrucks.es\/?page_id=905\" \/>\n<meta property=\"og:site_name\" content=\"EFTRUCKS\" \/>\n<meta property=\"article:modified_time\" content=\"2025-11-20T10:52:44+00:00\" \/>\n<meta name=\"twitter:card\" content=\"summary_large_image\" \/>\n<meta name=\"twitter:label1\" content=\"Tiempo de lectura\" \/>\n\t<meta name=\"twitter:data1\" content=\"12 minutos\" \/>\n<script type=\"application\/ld+json\" class=\"yoast-schema-graph\">{\"@context\":\"https:\/\/schema.org\",\"@graph\":[{\"@type\":\"WebPage\",\"@id\":\"https:\/\/eftrucks.es\/?page_id=905\",\"url\":\"https:\/\/eftrucks.es\/?page_id=905\",\"name\":\"Accesibilidad - EFTRUCKS\",\"isPartOf\":{\"@id\":\"https:\/\/eftrucks.es\/#website\"},\"datePublished\":\"2025-11-20T10:39:20+00:00\",\"dateModified\":\"2025-11-20T10:52:44+00:00\",\"breadcrumb\":{\"@id\":\"https:\/\/eftrucks.es\/?page_id=905#breadcrumb\"},\"inLanguage\":\"es\",\"potentialAction\":[{\"@type\":\"ReadAction\",\"target\":[\"https:\/\/eftrucks.es\/?page_id=905\"]}]},{\"@type\":\"BreadcrumbList\",\"@id\":\"https:\/\/eftrucks.es\/?page_id=905#breadcrumb\",\"itemListElement\":[{\"@type\":\"ListItem\",\"position\":1,\"name\":\"Portada\",\"item\":\"https:\/\/eftrucks.es\/\"},{\"@type\":\"ListItem\",\"position\":2,\"name\":\"Accesibilidad\"}]},{\"@type\":\"WebSite\",\"@id\":\"https:\/\/eftrucks.es\/#website\",\"url\":\"https:\/\/eftrucks.es\/\",\"name\":\"EFTRUCKS\",\"description\":\"Compra - Venta de camiones y coches\",\"publisher\":{\"@id\":\"https:\/\/eftrucks.es\/#organization\"},\"potentialAction\":[{\"@type\":\"SearchAction\",\"target\":{\"@type\":\"EntryPoint\",\"urlTemplate\":\"https:\/\/eftrucks.es\/?s={search_term_string}\"},\"query-input\":{\"@type\":\"PropertyValueSpecification\",\"valueRequired\":true,\"valueName\":\"search_term_string\"}}],\"inLanguage\":\"es\"},{\"@type\":\"Organization\",\"@id\":\"https:\/\/eftrucks.es\/#organization\",\"name\":\"EFTRUCKS\",\"url\":\"https:\/\/eftrucks.es\/\",\"logo\":{\"@type\":\"ImageObject\",\"inLanguage\":\"es\",\"@id\":\"https:\/\/eftrucks.es\/#\/schema\/logo\/image\/\",\"url\":\"https:\/\/eftrucks.es\/wp-content\/uploads\/2025\/11\/cropped-logo-nuevo-EFTRUCKS-scaled-1.png\",\"contentUrl\":\"https:\/\/eftrucks.es\/wp-content\/uploads\/2025\/11\/cropped-logo-nuevo-EFTRUCKS-scaled-1.png\",\"width\":2560,\"height\":2560,\"caption\":\"EFTRUCKS\"},\"image\":{\"@id\":\"https:\/\/eftrucks.es\/#\/schema\/logo\/image\/\"}}]}<\/script>\n<!-- \/ Yoast SEO plugin. -->","yoast_head_json":{"title":"Accesibilidad - EFTRUCKS","robots":{"index":"index","follow":"follow","max-snippet":"max-snippet:-1","max-image-preview":"max-image-preview:large","max-video-preview":"max-video-preview:-1"},"canonical":"https:\/\/eftrucks.es\/?page_id=905","og_locale":"es_ES","og_type":"article","og_title":"Accesibilidad - EFTRUCKS","og_description":"Accesibilidad Accesibilidad EFTRUCKS\u00a0se ha comprometido a hacer accesibles sus sitios web de conformidad con el Real Decreto 1112\/2018, de 7 de septiembre, sobre accesibilidad de los sitios web y aplicaciones para dispositivos m\u00f3viles del sector p\u00fablico (en adelante, Real Decreto 1112\/2018, de 7 de septiembre). La presente declaraci\u00f3n de accesibilidad se aplica al sitio web [&hellip;]","og_url":"https:\/\/eftrucks.es\/?page_id=905","og_site_name":"EFTRUCKS","article_modified_time":"2025-11-20T10:52:44+00:00","twitter_card":"summary_large_image","twitter_misc":{"Tiempo de lectura":"12 minutos"},"schema":{"@context":"https:\/\/schema.org","@graph":[{"@type":"WebPage","@id":"https:\/\/eftrucks.es\/?page_id=905","url":"https:\/\/eftrucks.es\/?page_id=905","name":"Accesibilidad - EFTRUCKS","isPartOf":{"@id":"https:\/\/eftrucks.es\/#website"},"datePublished":"2025-11-20T10:39:20+00:00","dateModified":"2025-11-20T10:52:44+00:00","breadcrumb":{"@id":"https:\/\/eftrucks.es\/?page_id=905#breadcrumb"},"inLanguage":"es","potentialAction":[{"@type":"ReadAction","target":["https:\/\/eftrucks.es\/?page_id=905"]}]},{"@type":"BreadcrumbList","@id":"https:\/\/eftrucks.es\/?page_id=905#breadcrumb","itemListElement":[{"@type":"ListItem","position":1,"name":"Portada","item":"https:\/\/eftrucks.es\/"},{"@type":"ListItem","position":2,"name":"Accesibilidad"}]},{"@type":"WebSite","@id":"https:\/\/eftrucks.es\/#website","url":"https:\/\/eftrucks.es\/","name":"EFTRUCKS","description":"Compra - Venta de camiones y coches","publisher":{"@id":"https:\/\/eftrucks.es\/#organization"},"potentialAction":[{"@type":"SearchAction","target":{"@type":"EntryPoint","urlTemplate":"https:\/\/eftrucks.es\/?s={search_term_string}"},"query-input":{"@type":"PropertyValueSpecification","valueRequired":true,"valueName":"search_term_string"}}],"inLanguage":"es"},{"@type":"Organization","@id":"https:\/\/eftrucks.es\/#organization","name":"EFTRUCKS","url":"https:\/\/eftrucks.es\/","logo":{"@type":"ImageObject","inLanguage":"es","@id":"https:\/\/eftrucks.es\/#\/schema\/logo\/image\/","url":"https:\/\/eftrucks.es\/wp-content\/uploads\/2025\/11\/cropped-logo-nuevo-EFTRUCKS-scaled-1.png","contentUrl":"https:\/\/eftrucks.es\/wp-content\/uploads\/2025\/11\/cropped-logo-nuevo-EFTRUCKS-scaled-1.png","width":2560,"height":2560,"caption":"EFTRUCKS"},"image":{"@id":"https:\/\/eftrucks.es\/#\/schema\/logo\/image\/"}}]}},"_links":{"self":[{"href":"https:\/\/eftrucks.es\/index.php?rest_route=\/wp\/v2\/pages\/905","targetHints":{"allow":["GET"]}}],"collection":[{"href":"https:\/\/eftrucks.es\/index.php?rest_route=\/wp\/v2\/pages"}],"about":[{"href":"https:\/\/eftrucks.es\/index.php?rest_route=\/wp\/v2\/types\/page"}],"author":[{"embeddable":true,"href":"https:\/\/eftrucks.es\/index.php?rest_route=\/wp\/v2\/users\/2"}],"replies":[{"embeddable":true,"href":"https:\/\/eftrucks.es\/index.php?rest_route=%2Fwp%2Fv2%2Fcomments&post=905"}],"version-history":[{"count":13,"href":"https:\/\/eftrucks.es\/index.php?rest_route=\/wp\/v2\/pages\/905\/revisions"}],"predecessor-version":[{"id":925,"href":"https:\/\/eftrucks.es\/index.php?rest_route=\/wp\/v2\/pages\/905\/revisions\/925"}],"wp:attachment":[{"href":"https:\/\/eftrucks.es\/index.php?rest_route=%2Fwp%2Fv2%2Fmedia&parent=905"}],"curies":[{"name":"wp","href":"https:\/\/api.w.org\/{rel}","templated":true}]}}